{"id":422,"date":"2016-06-09T20:11:04","date_gmt":"2016-06-09T19:11:04","guid":{"rendered":"http:\/\/petitateliernumerique.com\/?page_id=422"},"modified":"2020-05-04T14:58:53","modified_gmt":"2020-05-04T13:58:53","slug":"infos-pratiques","status":"publish","type":"page","link":"https:\/\/petitateliernumerique.com\/index.php\/atelier-photoshop\/les-cours-particuliers\/infos-pratiques\/","title":{"rendered":"Infos pratiques"},"content":{"rendered":"<p>[et_pb_section fb_built=\u00a0\u00bb1&Prime; custom_padding_last_edited=\u00a0\u00bbon|desktop\u00a0\u00bb next_background_color=\u00a0\u00bb#000000&Prime; admin_label=\u00a0\u00bbsection\u00a0\u00bb _builder_version=\u00a0\u00bb3.0.74&Prime; background_color=\u00a0\u00bb#ffffff\u00a0\u00bb custom_padding_tablet=\u00a0\u00bb50px|0|50px|0&Prime; transparent_background=\u00a0\u00bboff\u00a0\u00bb padding_mobile=\u00a0\u00bboff\u00a0\u00bb][et_pb_row _builder_version=\u00a0\u00bb3.0.47&Prime; background_size=\u00a0\u00bbinitial\u00a0\u00bb background_position=\u00a0\u00bbtop_left\u00a0\u00bb background_repeat=\u00a0\u00bbrepeat\u00a0\u00bb][et_pb_column type=\u00a0\u00bb4_4&Prime; _builder_version=\u00a0\u00bb3.0.47&Prime;][et_pb_text _builder_version=\u00a0\u00bb3.3.1&Prime; background_size=\u00a0\u00bbinitial\u00a0\u00bb background_position=\u00a0\u00bbtop_left\u00a0\u00bb background_repeat=\u00a0\u00bbrepeat\u00a0\u00bb text_orientation=\u00a0\u00bbcenter\u00a0\u00bb module_alignment=\u00a0\u00bbcenter\u00a0\u00bb use_border_color=\u00a0\u00bboff\u00a0\u00bb]<\/p>\n<h1>Infos pratiques<\/h1>\n<p>[\/et_pb_text][\/et_pb_column][\/et_pb_row][\/et_pb_section][et_pb_section fb_built=\u00a0\u00bb1&Prime; specialty=\u00a0\u00bbon\u00a0\u00bb custom_padding_last_edited=\u00a0\u00bbon|desktop\u00a0\u00bb prev_background_color=\u00a0\u00bb#000000&Prime; parallax_method_1=\u00a0\u00bboff\u00a0\u00bb parallax_method_2=\u00a0\u00bboff\u00a0\u00bb _builder_version=\u00a0\u00bb3.0.74&Prime; background_color=\u00a0\u00bb#ffffff\u00a0\u00bb custom_padding_tablet=\u00a0\u00bb50px|0|50px|0&Prime; transparent_background=\u00a0\u00bboff\u00a0\u00bb padding_mobile=\u00a0\u00bboff\u00a0\u00bb][et_pb_column type=\u00a0\u00bb1_4&Prime; _builder_version=\u00a0\u00bb3.0.47&Prime;][et_pb_sidebar area=\u00a0\u00bbet_pb_widget_area_1&Prime; _builder_version=\u00a0\u00bb3.0.74&Prime; remove_border=\u00a0\u00bboff\u00a0\u00bb]&nbsp;<br \/>\n[\/et_pb_sidebar][\/et_pb_column][et_pb_column type=\u00a0\u00bb3_4&Prime; specialty_columns=\u00a0\u00bb3&Prime; _builder_version=\u00a0\u00bb3.0.47&Prime;][et_pb_row_inner admin_label=\u00a0\u00bbLigne\u00a0\u00bb _builder_version=\u00a0\u00bb3.0.47&Prime; background_size=\u00a0\u00bbinitial\u00a0\u00bb background_position=\u00a0\u00bbtop_left\u00a0\u00bb background_repeat=\u00a0\u00bbrepeat\u00a0\u00bb][et_pb_column_inner type=\u00a0\u00bb1_2&Prime; saved_specialty_column_type=\u00a0\u00bb3_4&Prime; _builder_version=\u00a0\u00bb3.0.47&Prime;][et_pb_text _builder_version=\u00a0\u00bb3.3.1&Prime; use_border_color=\u00a0\u00bboff\u00a0\u00bb border_color=\u00a0\u00bb#ffffff\u00a0\u00bb border_style=\u00a0\u00bbsolid\u00a0\u00bb saved_tabs=\u00a0\u00bball\u00a0\u00bb]<\/p>\n<h2 style=\"color: #00b5e7; font-size: 300%;\">Cours particuliers<\/h2>\n<p>&nbsp;<\/p>\n<h3>Tarifs<\/h3>\n<p style=\"padding-top: 0;\">45,00 \u20ac\/h<br \/> Frais de d\u00e9placement au-del\u00e0 de 20km<\/p>\n<p style=\"padding-top: 0;\">Devis personnalis\u00e9 sur demande.<br \/> Facture sur demande.<br \/> CESU accept\u00e9. D\u00e9clar\u00e9 Organisme de Formation. Datadock\u00e9.<\/p>\n<p>[\/et_pb_text][\/et_pb_column_inner][et_pb_column_inner type=\u00a0\u00bb1_2&Prime; saved_specialty_column_type=\u00a0\u00bb3_4&Prime; _builder_version=\u00a0\u00bb3.0.47&Prime;][et_pb_text _builder_version=\u00a0\u00bb3.3.1&Prime; use_border_color=\u00a0\u00bboff\u00a0\u00bb border_color=\u00a0\u00bb#ffffff\u00a0\u00bb border_style=\u00a0\u00bbsolid\u00a0\u00bb saved_tabs=\u00a0\u00bball\u00a0\u00bb]<\/p>\n<h2 style=\"color: #00b5e7; font-size: 300%;\">Cours \u00e0 distance<\/h2>\n<p>&nbsp;<\/p>\n<h3>Tarifs<\/h3>\n<p>45\u20ac\/h<\/p>\n<p>Session de 2 heures soit 90\u20ac<\/p>\n<p>R\u00e8glement par PayPal, par virement ou par ch\u00e8que, 48h avant.<\/p>\n<p>Envoi des fichiers de cours par mail \u00e0 r\u00e9ception de votre paiement.<\/p>\n<p>Session par Skype avec partage d&rsquo;\u00e9cran.<\/p>\n<p>[\/et_pb_text][\/et_pb_column_inner][\/et_pb_row_inner][et_pb_row_inner admin_label=\u00a0\u00bbLigne\u00a0\u00bb _builder_version=\u00a0\u00bb3.0.47&Prime; background_size=\u00a0\u00bbinitial\u00a0\u00bb background_position=\u00a0\u00bbtop_left\u00a0\u00bb background_repeat=\u00a0\u00bbrepeat\u00a0\u00bb][et_pb_column_inner type=\u00a0\u00bb1_2&Prime; saved_specialty_column_type=\u00a0\u00bb3_4&Prime; _builder_version=\u00a0\u00bb3.0.47&Prime;][et_pb_text _builder_version=\u00a0\u00bb3.3.1&Prime; use_border_color=\u00a0\u00bboff\u00a0\u00bb border_color=\u00a0\u00bb#ffffff\u00a0\u00bb border_style=\u00a0\u00bbsolid\u00a0\u00bb]<\/p>\n<h3>Date et horaires<\/h3>\n<p>Selon vos disponibilit\u00e9s<br \/>\n[\/et_pb_text][\/et_pb_column_inner][et_pb_column_inner type=\u00a0\u00bb1_2&Prime; saved_specialty_column_type=\u00a0\u00bb3_4&Prime; _builder_version=\u00a0\u00bb3.0.47&Prime;][et_pb_text _builder_version=\u00a0\u00bb3.0.87&Prime; background_size=\u00a0\u00bbinitial\u00a0\u00bb background_position=\u00a0\u00bbtop_left\u00a0\u00bb background_repeat=\u00a0\u00bbrepeat\u00a0\u00bb use_border_color=\u00a0\u00bboff\u00a0\u00bb border_color=\u00a0\u00bb#ffffff\u00a0\u00bb border_style=\u00a0\u00bbsolid\u00a0\u00bb]<\/p>\n<h3>Date et horaires<\/h3>\n<p>Selon vos disponibilit\u00e9s (m\u00eame en soir\u00e9e)<br \/>\n[\/et_pb_text][\/et_pb_column_inner][\/et_pb_row_inner][et_pb_row_inner admin_label=\u00a0\u00bbLigne\u00a0\u00bb _builder_version=\u00a0\u00bb3.0.47&Prime; background_size=\u00a0\u00bbinitial\u00a0\u00bb background_position=\u00a0\u00bbtop_left\u00a0\u00bb background_repeat=\u00a0\u00bbrepeat\u00a0\u00bb][et_pb_column_inner type=\u00a0\u00bb1_2&Prime; saved_specialty_column_type=\u00a0\u00bb3_4&Prime; _builder_version=\u00a0\u00bb3.0.47&Prime;][et_pb_text _builder_version=\u00a0\u00bb3.0.87&Prime; background_size=\u00a0\u00bbinitial\u00a0\u00bb background_position=\u00a0\u00bbtop_left\u00a0\u00bb background_repeat=\u00a0\u00bbrepeat\u00a0\u00bb use_border_color=\u00a0\u00bboff\u00a0\u00bb border_color=\u00a0\u00bb#ffffff\u00a0\u00bb border_style=\u00a0\u00bbsolid\u00a0\u00bb]<\/p>\n<h3>Lieu<\/h3>\n<p>\u00c0 votre domicile ou au Petit Atelier Num\u00e9rique.<\/p>\n<p>[\/et_pb_text][\/et_pb_column_inner][et_pb_column_inner type=\u00a0\u00bb1_2&Prime; saved_specialty_column_type=\u00a0\u00bb3_4&Prime; _builder_version=\u00a0\u00bb3.0.47&Prime;][et_pb_text _builder_version=\u00a0\u00bb3.0.87&Prime; background_size=\u00a0\u00bbinitial\u00a0\u00bb background_position=\u00a0\u00bbtop_left\u00a0\u00bb background_repeat=\u00a0\u00bbrepeat\u00a0\u00bb use_border_color=\u00a0\u00bboff\u00a0\u00bb border_color=\u00a0\u00bb#ffffff\u00a0\u00bb border_style=\u00a0\u00bbsolid\u00a0\u00bb]<\/p>\n<h3>Lieu<\/h3>\n<p>\u00c0 votre domicile ou \u00e0 votre bureau<br \/>\nConnexion internet requise<br \/>\n[\/et_pb_text][\/et_pb_column_inner][\/et_pb_row_inner][et_pb_row_inner padding_mobile=\u00a0\u00bboff\u00a0\u00bb make_equal=\u00a0\u00bbon\u00a0\u00bb column_padding_mobile=\u00a0\u00bbon\u00a0\u00bb parallax_1=\u00a0\u00bbon\u00a0\u00bb parallax_2=\u00a0\u00bbon\u00a0\u00bb admin_label=\u00a0\u00bbLigne\u00a0\u00bb _builder_version=\u00a0\u00bb3.0.47&Prime;][et_pb_column_inner type=\u00a0\u00bb1_2&Prime; saved_specialty_column_type=\u00a0\u00bb3_4&Prime; _builder_version=\u00a0\u00bb3.0.47&Prime;][et_pb_code saved_tabs=\u00a0\u00bball\u00a0\u00bb]<iframe src=\"https:\/\/www.google.com\/maps\/embed?pb=!1m18!1m12!1m3!1d158095.6428814458!2d4.525996066412778!3d45.85572106029355!2m3!1f0!2f0!3f0!3m2!1i1024!2i768!4f13.1!3m3!1m2!1s0x47f48bc4de5e6ec3%3A0x3394e88b8c8dcd2!2sImpasse+de+la+Pr%C3%A9bende!5e0!3m2!1sfr!2sfr!4v1465153901224\" width=\"400\" height=\"300\" frameborder=\"0\" style=\"border:0\" allowfullscreen><\/iframe>[\/et_pb_code][et_pb_text _builder_version=\u00a0\u00bb3.3.1&Prime; use_border_color=\u00a0\u00bboff\u00a0\u00bb border_color=\u00a0\u00bb#ffffff\u00a0\u00bb border_style=\u00a0\u00bbsolid\u00a0\u00bb saved_tabs=\u00a0\u00bball\u00a0\u00bb]<\/p>\n<p style=\"font-size: 100%;\">Impasse de la Pr\u00e9bende<br \/>\n69210 Saint-Germain Nuelles<\/p>\n<p>[\/et_pb_text][\/et_pb_column_inner][et_pb_column_inner type=\u00a0\u00bb1_2&Prime; saved_specialty_column_type=\u00a0\u00bb3_4&Prime; _builder_version=\u00a0\u00bb3.0.47&Prime;][\/et_pb_column_inner][\/et_pb_row_inner][et_pb_row_inner admin_label=\u00a0\u00bbLigne\u00a0\u00bb _builder_version=\u00a0\u00bb3.0.47&Prime; background_size=\u00a0\u00bbinitial\u00a0\u00bb background_position=\u00a0\u00bbtop_left\u00a0\u00bb background_repeat=\u00a0\u00bbrepeat\u00a0\u00bb][et_pb_column_inner type=\u00a0\u00bb4_4&Prime; saved_specialty_column_type=\u00a0\u00bb3_4&Prime; _builder_version=\u00a0\u00bb3.0.47&Prime;][et_pb_divider divider_position=\u00a0\u00bbcenter\u00a0\u00bb disabled_on=\u00a0\u00bbon|on|off\u00a0\u00bb _builder_version=\u00a0\u00bb3.2&Prime; hide_on_mobile=\u00a0\u00bbon\u00a0\u00bb]&nbsp;<br \/>\n[\/et_pb_divider][et_pb_cta button_url=\u00a0\u00bbhttp:\/\/petitateliernumerique.com\/index.php\/page-daccueil\/la-formation-pao\/contact\/\u00a0\u00bb button_text=\u00a0\u00bbUn projet ?\u00a0\u00bb _builder_version=\u00a0\u00bb3.16&Prime; use_background_color=\u00a0\u00bboff\u00a0\u00bb background_size=\u00a0\u00bbinitial\u00a0\u00bb background_position=\u00a0\u00bbtop_left\u00a0\u00bb background_repeat=\u00a0\u00bbrepeat\u00a0\u00bb background_layout=\u00a0\u00bblight\u00a0\u00bb use_border_color=\u00a0\u00bboff\u00a0\u00bb border_color=\u00a0\u00bb#ffffff\u00a0\u00bb border_style=\u00a0\u00bbsolid\u00a0\u00bb button_letter_spacing_hover=\u00a0\u00bb0&Prime; button_text_size__hover_enabled=\u00a0\u00bboff\u00a0\u00bb button_one_text_size__hover_enabled=\u00a0\u00bboff\u00a0\u00bb button_two_text_size__hover_enabled=\u00a0\u00bboff\u00a0\u00bb button_text_color__hover_enabled=\u00a0\u00bboff\u00a0\u00bb button_one_text_color__hover_enabled=\u00a0\u00bboff\u00a0\u00bb button_two_text_color__hover_enabled=\u00a0\u00bboff\u00a0\u00bb button_border_width__hover_enabled=\u00a0\u00bboff\u00a0\u00bb button_one_border_width__hover_enabled=\u00a0\u00bboff\u00a0\u00bb button_two_border_width__hover_enabled=\u00a0\u00bboff\u00a0\u00bb button_border_color__hover_enabled=\u00a0\u00bboff\u00a0\u00bb button_one_border_color__hover_enabled=\u00a0\u00bboff\u00a0\u00bb button_two_border_color__hover_enabled=\u00a0\u00bboff\u00a0\u00bb button_border_radius__hover_enabled=\u00a0\u00bboff\u00a0\u00bb button_one_border_radius__hover_enabled=\u00a0\u00bboff\u00a0\u00bb button_two_border_radius__hover_enabled=\u00a0\u00bboff\u00a0\u00bb button_letter_spacing__hover_enabled=\u00a0\u00bbon\u00a0\u00bb button_letter_spacing__hover=\u00a0\u00bb0&Prime; button_one_letter_spacing__hover_enabled=\u00a0\u00bboff\u00a0\u00bb button_two_letter_spacing__hover_enabled=\u00a0\u00bboff\u00a0\u00bb button_bg_color__hover_enabled=\u00a0\u00bboff\u00a0\u00bb button_one_bg_color__hover_enabled=\u00a0\u00bboff\u00a0\u00bb button_two_bg_color__hover_enabled=\u00a0\u00bboff\u00a0\u00bb]&nbsp;<br \/>\n[\/et_pb_cta][et_pb_divider divider_position=\u00a0\u00bbcenter\u00a0\u00bb disabled_on=\u00a0\u00bbon|on|off\u00a0\u00bb _builder_version=\u00a0\u00bb3.2&Prime; hide_on_mobile=\u00a0\u00bbon\u00a0\u00bb]&nbsp;<br \/>\n[\/et_pb_divider][\/et_pb_column_inner][\/et_pb_row_inner][\/et_pb_column][\/et_pb_section]<\/p>\n","protected":false},"excerpt":{"rendered":"<p>Infos pratiques &nbsp; Cours particuliers &nbsp; Tarifs 45,00 \u20ac\/h Frais de d\u00e9placement au-del\u00e0 de 20km Devis personnalis\u00e9 sur demande. Facture sur demande. CESU accept\u00e9. D\u00e9clar\u00e9 Organisme de Formation. Datadock\u00e9.Cours \u00e0 [&hellip;]<\/p>\n","protected":false},"author":2,"featured_media":0,"parent":350,"menu_order":0,"comment_status":"closed","ping_status":"closed","template":"","meta":{"_et_pb_use_builder":"on","_et_pb_old_content":"","_et_gb_content_width":"","footnotes":""},"class_list":["post-422","page","type-page","status-publish","hentry"],"yoast_head":"<!-- This site is optimized with the Yoast SEO plugin v27.5 - https:\/\/yoast.com\/product\/yoast-seo-wordpress\/ -->\n<title>Tarifs des cours particuliers Photoshop au Petit Atelier Num\u00e9rique<\/title>\n<meta name=\"description\" content=\"Tarifs des cours particuliers Photoshop au Petit Atelier Num\u00e9rique. Cours particuliers \u00e0 domicile. Cours \u00e0 distance par Skype. Infos pratiques.\" \/>\n<meta name=\"robots\" content=\"index, follow, max-snippet:-1, max-image-preview:large, max-video-preview:-1\" \/>\n<link rel=\"canonical\" href=\"https:\/\/petitateliernumerique.com\/index.php\/formation-photoshop-indesign-illustrator2__trashed\/atelier-photoshop\/les-cours-particuliers\/infos-pratiques\/\" \/>\n<meta property=\"og:locale\" content=\"fr_FR\" \/>\n<meta property=\"og:type\" content=\"article\" \/>\n<meta property=\"og:title\" content=\"Tarifs des cours particuliers Photoshop au Petit Atelier Num\u00e9rique\" \/>\n<meta property=\"og:description\" content=\"Tarifs des cours particuliers Photoshop au Petit Atelier Num\u00e9rique. Cours particuliers \u00e0 domicile. Cours \u00e0 distance par Skype. Infos pratiques.\" \/>\n<meta property=\"og:url\" content=\"https:\/\/petitateliernumerique.com\/index.php\/formation-photoshop-indesign-illustrator2__trashed\/atelier-photoshop\/les-cours-particuliers\/infos-pratiques\/\" \/>\n<meta property=\"og:site_name\" content=\"Petit Atelier Num\u00e9rique\" \/>\n<meta property=\"article:publisher\" content=\"https:\/\/www.facebook.com\/petitateliernumerique\/\" \/>\n<meta property=\"article:modified_time\" content=\"2020-05-04T13:58:53+00:00\" \/>\n<meta name=\"twitter:card\" content=\"summary_large_image\" \/>\n<meta name=\"twitter:label1\" content=\"Dur\u00e9e de lecture estim\u00e9e\" \/>\n\t<meta name=\"twitter:data1\" content=\"5 minutes\" \/>\n<!-- \/ Yoast SEO plugin. -->","yoast_head_json":{"title":"Tarifs des cours particuliers Photoshop au Petit Atelier Num\u00e9rique","description":"Tarifs des cours particuliers Photoshop au Petit Atelier Num\u00e9rique. Cours particuliers \u00e0 domicile. Cours \u00e0 distance par Skype. Infos pratiques.","robots":{"index":"index","follow":"follow","max-snippet":"max-snippet:-1","max-image-preview":"max-image-preview:large","max-video-preview":"max-video-preview:-1"},"canonical":"https:\/\/petitateliernumerique.com\/index.php\/formation-photoshop-indesign-illustrator2__trashed\/atelier-photoshop\/les-cours-particuliers\/infos-pratiques\/","og_locale":"fr_FR","og_type":"article","og_title":"Tarifs des cours particuliers Photoshop au Petit Atelier Num\u00e9rique","og_description":"Tarifs des cours particuliers Photoshop au Petit Atelier Num\u00e9rique. Cours particuliers \u00e0 domicile. Cours \u00e0 distance par Skype. Infos pratiques.","og_url":"https:\/\/petitateliernumerique.com\/index.php\/formation-photoshop-indesign-illustrator2__trashed\/atelier-photoshop\/les-cours-particuliers\/infos-pratiques\/","og_site_name":"Petit Atelier Num\u00e9rique","article_publisher":"https:\/\/www.facebook.com\/petitateliernumerique\/","article_modified_time":"2020-05-04T13:58:53+00:00","twitter_card":"summary_large_image","twitter_misc":{"Dur\u00e9e de lecture estim\u00e9e":"5 minutes"},"schema":{"@context":"https:\/\/schema.org","@graph":[{"@type":"WebPage","@id":"https:\/\/petitateliernumerique.com\/index.php\/formation-photoshop-indesign-illustrator2__trashed\/atelier-photoshop\/les-cours-particuliers\/infos-pratiques\/","url":"https:\/\/petitateliernumerique.com\/index.php\/formation-photoshop-indesign-illustrator2__trashed\/atelier-photoshop\/les-cours-particuliers\/infos-pratiques\/","name":"Tarifs des cours particuliers Photoshop au Petit Atelier Num\u00e9rique","isPartOf":{"@id":"https:\/\/petitateliernumerique.com\/#website"},"datePublished":"2016-06-09T19:11:04+00:00","dateModified":"2020-05-04T13:58:53+00:00","description":"Tarifs des cours particuliers Photoshop au Petit Atelier Num\u00e9rique. Cours particuliers \u00e0 domicile. Cours \u00e0 distance par Skype. Infos pratiques.","breadcrumb":{"@id":"https:\/\/petitateliernumerique.com\/index.php\/formation-photoshop-indesign-illustrator2__trashed\/atelier-photoshop\/les-cours-particuliers\/infos-pratiques\/#breadcrumb"},"inLanguage":"fr-FR","potentialAction":[{"@type":"ReadAction","target":["https:\/\/petitateliernumerique.com\/index.php\/formation-photoshop-indesign-illustrator2__trashed\/atelier-photoshop\/les-cours-particuliers\/infos-pratiques\/"]}]},{"@type":"BreadcrumbList","@id":"https:\/\/petitateliernumerique.com\/index.php\/formation-photoshop-indesign-illustrator2__trashed\/atelier-photoshop\/les-cours-particuliers\/infos-pratiques\/#breadcrumb","itemListElement":[{"@type":"ListItem","position":1,"name":"Accueil","item":"https:\/\/petitateliernumerique.com\/"},{"@type":"ListItem","position":2,"name":"L&rsquo;atelier Photoshop","item":"https:\/\/petitateliernumerique.com\/?page_id=52"},{"@type":"ListItem","position":3,"name":"Les cours particuliers","item":"https:\/\/petitateliernumerique.com\/index.php\/formation-photoshop-indesign-illustrator2__trashed\/atelier-photoshop\/les-cours-particuliers\/"},{"@type":"ListItem","position":4,"name":"Infos pratiques"}]},{"@type":"WebSite","@id":"https:\/\/petitateliernumerique.com\/#website","url":"https:\/\/petitateliernumerique.com\/","name":"Petit Atelier Num\u00e9rique","description":"La formation professionnelle ultra-personnalis\u00e9e","potentialAction":[{"@type":"SearchAction","target":{"@type":"EntryPoint","urlTemplate":"https:\/\/petitateliernumerique.com\/?s={search_term_string}"},"query-input":{"@type":"PropertyValueSpecification","valueRequired":true,"valueName":"search_term_string"}}],"inLanguage":"fr-FR"}]}},"_links":{"self":[{"href":"https:\/\/petitateliernumerique.com\/index.php\/wp-json\/wp\/v2\/pages\/422","targetHints":{"allow":["GET"]}}],"collection":[{"href":"https:\/\/petitateliernumerique.com\/index.php\/wp-json\/wp\/v2\/pages"}],"about":[{"href":"https:\/\/petitateliernumerique.com\/index.php\/wp-json\/wp\/v2\/types\/page"}],"author":[{"embeddable":true,"href":"https:\/\/petitateliernumerique.com\/index.php\/wp-json\/wp\/v2\/users\/2"}],"replies":[{"embeddable":true,"href":"https:\/\/petitateliernumerique.com\/index.php\/wp-json\/wp\/v2\/comments?post=422"}],"version-history":[{"count":32,"href":"https:\/\/petitateliernumerique.com\/index.php\/wp-json\/wp\/v2\/pages\/422\/revisions"}],"predecessor-version":[{"id":2864,"href":"https:\/\/petitateliernumerique.com\/index.php\/wp-json\/wp\/v2\/pages\/422\/revisions\/2864"}],"up":[{"embeddable":true,"href":"https:\/\/petitateliernumerique.com\/index.php\/wp-json\/wp\/v2\/pages\/350"}],"wp:attachment":[{"href":"https:\/\/petitateliernumerique.com\/index.php\/wp-json\/wp\/v2\/media?parent=422"}],"curies":[{"name":"wp","href":"https:\/\/api.w.org\/{rel}","templated":true}]}}