{"id":4164,"date":"2024-04-10T08:12:41","date_gmt":"2024-04-10T07:12:41","guid":{"rendered":"https:\/\/petitateliernumerique.com\/?page_id=4164"},"modified":"2025-10-07T15:33:04","modified_gmt":"2025-10-07T13:33:04","slug":"formation-graphisme-conception-graphique","status":"publish","type":"page","link":"https:\/\/petitateliernumerique.com\/index.php\/formation-graphisme-conception-graphique\/","title":{"rendered":"Conception Graphique"},"content":{"rendered":"\t\t<div data-elementor-type=\"wp-page\" data-elementor-id=\"4164\" class=\"elementor elementor-4164\">\n\t\t\t\t<div class=\"elementor-element elementor-element-22e156af e-flex e-con-boxed e-con e-parent\" data-id=\"22e156af\" data-element_type=\"container\" data-e-type=\"container\">\n\t\t\t\t\t<div class=\"e-con-inner\">\n\t\t\t\t<div class=\"elementor-element elementor-element-1319e96 elementor-widget elementor-widget-text-editor\" data-id=\"1319e96\" data-element_type=\"widget\" data-e-type=\"widget\" data-widget_type=\"text-editor.default\">\n\t\t\t\t<div class=\"elementor-widget-container\">\n\t\t\t\t\t\t\t\t\t\t\t\t\t\t\t\t\t<\/div>\n\t\t\t\t<\/div>\n\t\t\t\t\t<\/div>\n\t\t\t\t<\/div>\n\t\t<div class=\"elementor-element elementor-element-a7693f0 e-flex e-con-boxed e-con e-parent\" data-id=\"a7693f0\" data-element_type=\"container\" data-e-type=\"container\">\n\t\t\t\t\t<div class=\"e-con-inner\">\n\t\t\t\t<div class=\"elementor-element elementor-element-b1f6e04 elementor-widget elementor-widget-heading\" data-id=\"b1f6e04\" data-element_type=\"widget\" data-e-type=\"widget\" data-widget_type=\"heading.default\">\n\t\t\t\t<div class=\"elementor-widget-container\">\n\t\t\t\t\t<h2 class=\"elementor-heading-title elementor-size-default\">Formations Graphiques<\/h2>\t\t\t\t<\/div>\n\t\t\t\t<\/div>\n\t\t\t\t\t<\/div>\n\t\t\t\t<\/div>\n\t\t<div class=\"elementor-element elementor-element-e8b727c e-con-full e-flex e-con e-parent\" data-id=\"e8b727c\" data-element_type=\"container\" data-e-type=\"container\" data-settings=\"{&quot;background_background&quot;:&quot;classic&quot;}\">\n\t\t\t\t<\/div>\n\t\t<div class=\"elementor-element elementor-element-edb6ae0 e-flex e-con-boxed e-con e-parent\" data-id=\"edb6ae0\" data-element_type=\"container\" data-e-type=\"container\">\n\t\t\t\t\t<div class=\"e-con-inner\">\n\t\t\t\t<div class=\"elementor-element elementor-element-02737bb elementor-widget elementor-widget-spacer\" data-id=\"02737bb\" data-element_type=\"widget\" data-e-type=\"widget\" data-widget_type=\"spacer.default\">\n\t\t\t\t<div class=\"elementor-widget-container\">\n\t\t\t\t\t\t\t<div class=\"elementor-spacer\">\n\t\t\t<div class=\"elementor-spacer-inner\"><\/div>\n\t\t<\/div>\n\t\t\t\t\t\t<\/div>\n\t\t\t\t<\/div>\n\t\t\t\t<div class=\"elementor-element elementor-element-68ef53c elementor-widget elementor-widget-heading\" data-id=\"68ef53c\" data-element_type=\"widget\" data-e-type=\"widget\" data-widget_type=\"heading.default\">\n\t\t\t\t<div class=\"elementor-widget-container\">\n\t\t\t\t\t<h2 class=\"elementor-heading-title elementor-size-default\">Conception Graphique<\/h2>\t\t\t\t<\/div>\n\t\t\t\t<\/div>\n\t\t\t\t<div class=\"elementor-element elementor-element-2dadefd elementor-widget elementor-widget-spacer\" data-id=\"2dadefd\" data-element_type=\"widget\" data-e-type=\"widget\" data-widget_type=\"spacer.default\">\n\t\t\t\t<div class=\"elementor-widget-container\">\n\t\t\t\t\t\t\t<div class=\"elementor-spacer\">\n\t\t\t<div class=\"elementor-spacer-inner\"><\/div>\n\t\t<\/div>\n\t\t\t\t\t\t<\/div>\n\t\t\t\t<\/div>\n\t\t\t\t\t<\/div>\n\t\t\t\t<\/div>\n\t\t<div class=\"elementor-element elementor-element-132368d e-flex e-con-boxed e-con e-parent\" data-id=\"132368d\" data-element_type=\"container\" data-e-type=\"container\">\n\t\t\t\t\t<div class=\"e-con-inner\">\n\t\t<div class=\"elementor-element elementor-element-c1fa265 e-con-full e-flex e-con e-child\" data-id=\"c1fa265\" data-element_type=\"container\" data-e-type=\"container\">\n\t\t\t\t<div class=\"elementor-element elementor-element-83ec247 elementor-widget elementor-widget-heading\" data-id=\"83ec247\" data-element_type=\"widget\" data-e-type=\"widget\" data-widget_type=\"heading.default\">\n\t\t\t\t<div class=\"elementor-widget-container\">\n\t\t\t\t\t<h2 class=\"elementor-heading-title elementor-size-default\">Financ\u00e9<br> par votre<br> OPCO<\/h2>\t\t\t\t<\/div>\n\t\t\t\t<\/div>\n\t\t\t\t<\/div>\n\t\t<div class=\"elementor-element elementor-element-1598e06 e-con-full e-flex e-con e-child\" data-id=\"1598e06\" data-element_type=\"container\" data-e-type=\"container\">\n\t\t\t\t<div class=\"elementor-element elementor-element-1c3a269 elementor-hidden-desktop elementor-hidden-tablet elementor-widget elementor-widget-spacer\" data-id=\"1c3a269\" data-element_type=\"widget\" data-e-type=\"widget\" data-widget_type=\"spacer.default\">\n\t\t\t\t<div class=\"elementor-widget-container\">\n\t\t\t\t\t\t\t<div class=\"elementor-spacer\">\n\t\t\t<div class=\"elementor-spacer-inner\"><\/div>\n\t\t<\/div>\n\t\t\t\t\t\t<\/div>\n\t\t\t\t<\/div>\n\t\t\t\t<div class=\"elementor-element elementor-element-fabd629 elementor-widget elementor-widget-text-editor\" data-id=\"fabd629\" data-element_type=\"widget\" data-e-type=\"widget\" data-widget_type=\"text-editor.default\">\n\t\t\t\t<div class=\"elementor-widget-container\">\n\t\t\t\t\t\t\t\t\t<p><strong><span style=\"color: #00b5e7;\">Objectifs<\/span><\/strong><\/p>\n<p><span style=\"color: #000000;\">Avec le module Conception Graphique, vous apprenez les fondamentaux du design graphique. Vous m<\/span><span style=\"color: rgb(0, 0, 0); font-size: 14px; font-family: var( --e-global-typography-text-font-family ), Sans-serif; font-weight: var( --e-global-typography-text-font-weight ); text-align: var(--text-align);\">a\u00eetriserez le design graphique, vous apprivoisez la typographie, la couleur et la composition. D\u00e9couvrez le sens des signes, des couleurs, de la typographie. Apprenez \u00e0 concevoir des supports de communication, avant de les r\u00e9aliser.<\/span><\/p>\n<p><strong><span style=\"color: #00b5e7;\">Dur\u00e9e<\/span> <\/strong><\/p>\n<p><span style=\"color: #000000;\">3 \u00e0 5 jours en pr\u00e9sentiel + temps de travail personnel.<\/span><\/p>\n<p><span style=\"color: #00b5e7;\"><strong>Public concern\u00e9&nbsp;<\/strong><\/span><\/p>\n<p><span style=\"color: #333333;\">Adultes &#8211; Maquettistes &#8211; Charg\u00e9s de projet &#8211; Communicants.<\/span><\/p>\n<p><strong><span style=\"color: #00b5e7;\">Prix<\/span>&nbsp;<\/strong><\/p>\n<p><span style=\"color: #000000;\">650\u20ac\/jour &#8211; Demandez un financement par votre OPCO.<br><\/span><\/p>\n<p><strong><span style=\"color: #00b5e7;\">Lieu<\/span>&nbsp;<\/strong><\/p>\n<p><span style=\"color: #000000;\">Dans nos locaux.<\/span><\/p>\n<p><strong><span style=\"color: #00b5e7;\">Pr\u00e9-requis<\/span> <\/strong><\/p>\n<p><span style=\"color: #000000;\">Vous \u00eates \u00e0 l\u2019aise dans l\u2019environnement Mac ou PC (vous avez des notions de fichiers, de sauvegarde).<\/span><\/p>\t\t\t\t\t\t\t\t<\/div>\n\t\t\t\t<\/div>\n\t\t\t\t<\/div>\n\t\t<div class=\"elementor-element elementor-element-968a562 e-con-full e-flex e-con e-child\" data-id=\"968a562\" data-element_type=\"container\" data-e-type=\"container\">\n\t\t\t\t<div class=\"elementor-element elementor-element-81322f7 elementor-align-justify elementor-widget elementor-widget-button\" data-id=\"81322f7\" data-element_type=\"widget\" data-e-type=\"widget\" data-widget_type=\"button.default\">\n\t\t\t\t<div class=\"elementor-widget-container\">\n\t\t\t\t\t\t\t\t\t<div class=\"elementor-button-wrapper\">\n\t\t\t\t\t<a class=\"elementor-button elementor-button-link elementor-size-sm\" href=\"https:\/\/petitateliernumerique.com\/index.php\/contact-2\/\" target=\"_blank\">\n\t\t\t\t\t\t<span class=\"elementor-button-content-wrapper\">\n\t\t\t\t\t\t\t\t\t<span class=\"elementor-button-text\">Demander un devis<\/span>\n\t\t\t\t\t<\/span>\n\t\t\t\t\t<\/a>\n\t\t\t\t<\/div>\n\t\t\t\t\t\t\t\t<\/div>\n\t\t\t\t<\/div>\n\t\t\t\t<div class=\"elementor-element elementor-element-66674ca elementor-hidden-mobile elementor-widget elementor-widget-spacer\" data-id=\"66674ca\" data-element_type=\"widget\" data-e-type=\"widget\" data-widget_type=\"spacer.default\">\n\t\t\t\t<div class=\"elementor-widget-container\">\n\t\t\t\t\t\t\t<div class=\"elementor-spacer\">\n\t\t\t<div class=\"elementor-spacer-inner\"><\/div>\n\t\t<\/div>\n\t\t\t\t\t\t<\/div>\n\t\t\t\t<\/div>\n\t\t\t\t<div class=\"elementor-element elementor-element-28f53f7 elementor-align-justify elementor-widget elementor-widget-button\" data-id=\"28f53f7\" data-element_type=\"widget\" data-e-type=\"widget\" data-widget_type=\"button.default\">\n\t\t\t\t<div class=\"elementor-widget-container\">\n\t\t\t\t\t\t\t\t\t<div class=\"elementor-button-wrapper\">\n\t\t\t\t\t<a class=\"elementor-button elementor-button-link elementor-size-sm\" href=\"https:\/\/petitateliernumerique.com\/wp-content\/uploads\/2024\/04\/Programme-ConceptionGraphique-3jours.pdf\" target=\"_blank\">\n\t\t\t\t\t\t<span class=\"elementor-button-content-wrapper\">\n\t\t\t\t\t\t\t\t\t<span class=\"elementor-button-text\">Programme 3 jours<\/span>\n\t\t\t\t\t<\/span>\n\t\t\t\t\t<\/a>\n\t\t\t\t<\/div>\n\t\t\t\t\t\t\t\t<\/div>\n\t\t\t\t<\/div>\n\t\t\t\t<div class=\"elementor-element elementor-element-7c94a19 elementor-align-justify elementor-widget elementor-widget-button\" data-id=\"7c94a19\" data-element_type=\"widget\" data-e-type=\"widget\" data-widget_type=\"button.default\">\n\t\t\t\t<div class=\"elementor-widget-container\">\n\t\t\t\t\t\t\t\t\t<div class=\"elementor-button-wrapper\">\n\t\t\t\t\t<a class=\"elementor-button elementor-button-link elementor-size-sm\" href=\"https:\/\/petitateliernumerique.com\/wp-content\/uploads\/2024\/04\/Programme-ConceptionGraphique-5-jours-.pdf\" target=\"_blank\">\n\t\t\t\t\t\t<span class=\"elementor-button-content-wrapper\">\n\t\t\t\t\t\t\t\t\t<span class=\"elementor-button-text\">Programme 5 jours<\/span>\n\t\t\t\t\t<\/span>\n\t\t\t\t\t<\/a>\n\t\t\t\t<\/div>\n\t\t\t\t\t\t\t\t<\/div>\n\t\t\t\t<\/div>\n\t\t\t\t<div class=\"elementor-element elementor-element-95f742d elementor-align-justify elementor-widget elementor-widget-button\" data-id=\"95f742d\" data-element_type=\"widget\" data-e-type=\"widget\" data-widget_type=\"button.default\">\n\t\t\t\t<div class=\"elementor-widget-container\">\n\t\t\t\t\t\t\t\t\t<div class=\"elementor-button-wrapper\">\n\t\t\t\t\t<a class=\"elementor-button elementor-button-link elementor-size-sm\" href=\"https:\/\/petitateliernumerique.com\/index.php\/infos-pratiques-3adresses\/\" target=\"_blank\">\n\t\t\t\t\t\t<span class=\"elementor-button-content-wrapper\">\n\t\t\t\t\t\t\t\t\t<span class=\"elementor-button-text\">Lieux<\/span>\n\t\t\t\t\t<\/span>\n\t\t\t\t\t<\/a>\n\t\t\t\t<\/div>\n\t\t\t\t\t\t\t\t<\/div>\n\t\t\t\t<\/div>\n\t\t\t\t<\/div>\n\t\t\t\t\t<\/div>\n\t\t\t\t<\/div>\n\t\t<div class=\"elementor-element elementor-element-0e8a10e e-flex e-con-boxed e-con e-parent\" data-id=\"0e8a10e\" data-element_type=\"container\" data-e-type=\"container\">\n\t\t\t\t\t<div class=\"e-con-inner\">\n\t\t\t\t<div class=\"elementor-element elementor-element-7d7fb6d elementor-widget elementor-widget-spacer\" data-id=\"7d7fb6d\" data-element_type=\"widget\" data-e-type=\"widget\" data-widget_type=\"spacer.default\">\n\t\t\t\t<div class=\"elementor-widget-container\">\n\t\t\t\t\t\t\t<div class=\"elementor-spacer\">\n\t\t\t<div class=\"elementor-spacer-inner\"><\/div>\n\t\t<\/div>\n\t\t\t\t\t\t<\/div>\n\t\t\t\t<\/div>\n\t\t\t\t\t<\/div>\n\t\t\t\t<\/div>\n\t\t\t\t<\/div>\n\t\t","protected":false},"excerpt":{"rendered":"<p>Formations Graphiques Conception Graphique Financ\u00e9 par votre OPCO Objectifs Avec le module Conception Graphique, vous apprenez les fondamentaux du design graphique. Vous ma\u00eetriserez le design graphique, vous apprivoisez la typographie, [&hellip;]<\/p>\n","protected":false},"author":2,"featured_media":0,"parent":0,"menu_order":0,"comment_status":"closed","ping_status":"closed","template":"elementor_header_footer","meta":{"_et_pb_use_builder":"","_et_pb_old_content":"","_et_gb_content_width":"","footnotes":""},"class_list":["post-4164","page","type-page","status-publish","hentry"],"yoast_head":"<!-- This site is optimized with the Yoast SEO plugin v27.5 - https:\/\/yoast.com\/product\/yoast-seo-wordpress\/ -->\n<title>Conception Graphique - Petit Atelier Num\u00e9rique<\/title>\n<meta name=\"description\" content=\"Apprenez les fondamentaux du design graphique. Ma\u00eetrisez la conception graphique, apprivoisez la typographie, la couleur et la composition.\" \/>\n<meta name=\"robots\" content=\"index, follow, max-snippet:-1, max-image-preview:large, max-video-preview:-1\" \/>\n<link rel=\"canonical\" href=\"https:\/\/petitateliernumerique.com\/index.php\/formation-graphisme-conception-graphique\/\" \/>\n<meta property=\"og:locale\" content=\"fr_FR\" \/>\n<meta property=\"og:type\" content=\"article\" \/>\n<meta property=\"og:title\" content=\"Conception Graphique - Petit Atelier Num\u00e9rique\" \/>\n<meta property=\"og:description\" content=\"Apprenez les fondamentaux du design graphique. Ma\u00eetrisez la conception graphique, apprivoisez la typographie, la couleur et la composition.\" \/>\n<meta property=\"og:url\" content=\"https:\/\/petitateliernumerique.com\/index.php\/formation-graphisme-conception-graphique\/\" \/>\n<meta property=\"og:site_name\" content=\"Petit Atelier Num\u00e9rique\" \/>\n<meta property=\"article:publisher\" content=\"https:\/\/www.facebook.com\/petitateliernumerique\/\" \/>\n<meta property=\"article:modified_time\" content=\"2025-10-07T13:33:04+00:00\" \/>\n<meta name=\"twitter:card\" content=\"summary_large_image\" \/>\n<meta name=\"twitter:label1\" content=\"Dur\u00e9e de lecture estim\u00e9e\" \/>\n\t<meta name=\"twitter:data1\" content=\"1 minute\" \/>\n<!-- \/ Yoast SEO plugin. -->","yoast_head_json":{"title":"Conception Graphique - Petit Atelier Num\u00e9rique","description":"Apprenez les fondamentaux du design graphique. Ma\u00eetrisez la conception graphique, apprivoisez la typographie, la couleur et la composition.","robots":{"index":"index","follow":"follow","max-snippet":"max-snippet:-1","max-image-preview":"max-image-preview:large","max-video-preview":"max-video-preview:-1"},"canonical":"https:\/\/petitateliernumerique.com\/index.php\/formation-graphisme-conception-graphique\/","og_locale":"fr_FR","og_type":"article","og_title":"Conception Graphique - Petit Atelier Num\u00e9rique","og_description":"Apprenez les fondamentaux du design graphique. Ma\u00eetrisez la conception graphique, apprivoisez la typographie, la couleur et la composition.","og_url":"https:\/\/petitateliernumerique.com\/index.php\/formation-graphisme-conception-graphique\/","og_site_name":"Petit Atelier Num\u00e9rique","article_publisher":"https:\/\/www.facebook.com\/petitateliernumerique\/","article_modified_time":"2025-10-07T13:33:04+00:00","twitter_card":"summary_large_image","twitter_misc":{"Dur\u00e9e de lecture estim\u00e9e":"1 minute"},"schema":{"@context":"https:\/\/schema.org","@graph":[{"@type":"WebPage","@id":"https:\/\/petitateliernumerique.com\/index.php\/formation-graphisme-conception-graphique\/","url":"https:\/\/petitateliernumerique.com\/index.php\/formation-graphisme-conception-graphique\/","name":"Conception Graphique - Petit Atelier Num\u00e9rique","isPartOf":{"@id":"https:\/\/petitateliernumerique.com\/#website"},"datePublished":"2024-04-10T07:12:41+00:00","dateModified":"2025-10-07T13:33:04+00:00","description":"Apprenez les fondamentaux du design graphique. Ma\u00eetrisez la conception graphique, apprivoisez la typographie, la couleur et la composition.","breadcrumb":{"@id":"https:\/\/petitateliernumerique.com\/index.php\/formation-graphisme-conception-graphique\/#breadcrumb"},"inLanguage":"fr-FR","potentialAction":[{"@type":"ReadAction","target":["https:\/\/petitateliernumerique.com\/index.php\/formation-graphisme-conception-graphique\/"]}]},{"@type":"BreadcrumbList","@id":"https:\/\/petitateliernumerique.com\/index.php\/formation-graphisme-conception-graphique\/#breadcrumb","itemListElement":[{"@type":"ListItem","position":1,"name":"Accueil","item":"https:\/\/petitateliernumerique.com\/"},{"@type":"ListItem","position":2,"name":"Conception Graphique"}]},{"@type":"WebSite","@id":"https:\/\/petitateliernumerique.com\/#website","url":"https:\/\/petitateliernumerique.com\/","name":"Petit Atelier Num\u00e9rique","description":"La formation professionnelle ultra-personnalis\u00e9e","potentialAction":[{"@type":"SearchAction","target":{"@type":"EntryPoint","urlTemplate":"https:\/\/petitateliernumerique.com\/?s={search_term_string}"},"query-input":{"@type":"PropertyValueSpecification","valueRequired":true,"valueName":"search_term_string"}}],"inLanguage":"fr-FR"}]}},"_links":{"self":[{"href":"https:\/\/petitateliernumerique.com\/index.php\/wp-json\/wp\/v2\/pages\/4164","targetHints":{"allow":["GET"]}}],"collection":[{"href":"https:\/\/petitateliernumerique.com\/index.php\/wp-json\/wp\/v2\/pages"}],"about":[{"href":"https:\/\/petitateliernumerique.com\/index.php\/wp-json\/wp\/v2\/types\/page"}],"author":[{"embeddable":true,"href":"https:\/\/petitateliernumerique.com\/index.php\/wp-json\/wp\/v2\/users\/2"}],"replies":[{"embeddable":true,"href":"https:\/\/petitateliernumerique.com\/index.php\/wp-json\/wp\/v2\/comments?post=4164"}],"version-history":[{"count":25,"href":"https:\/\/petitateliernumerique.com\/index.php\/wp-json\/wp\/v2\/pages\/4164\/revisions"}],"predecessor-version":[{"id":4606,"href":"https:\/\/petitateliernumerique.com\/index.php\/wp-json\/wp\/v2\/pages\/4164\/revisions\/4606"}],"wp:attachment":[{"href":"https:\/\/petitateliernumerique.com\/index.php\/wp-json\/wp\/v2\/media?parent=4164"}],"curies":[{"name":"wp","href":"https:\/\/api.w.org\/{rel}","templated":true}]}}