{"id":4102,"date":"2024-04-08T10:33:29","date_gmt":"2024-04-08T09:33:29","guid":{"rendered":"https:\/\/petitateliernumerique.com\/?page_id=4102"},"modified":"2025-10-06T16:58:13","modified_gmt":"2025-10-06T14:58:13","slug":"formation-indesign","status":"publish","type":"page","link":"https:\/\/petitateliernumerique.com\/index.php\/formation-indesign\/","title":{"rendered":"Formation InDesign"},"content":{"rendered":"\t\t<div data-elementor-type=\"wp-page\" data-elementor-id=\"4102\" class=\"elementor elementor-4102\">\n\t\t\t\t<div class=\"elementor-element elementor-element-22e156af e-flex e-con-boxed e-con e-parent\" data-id=\"22e156af\" data-element_type=\"container\" data-e-type=\"container\">\n\t\t\t\t\t<div class=\"e-con-inner\">\n\t\t\t\t<div class=\"elementor-element elementor-element-1319e96 elementor-widget elementor-widget-text-editor\" data-id=\"1319e96\" data-element_type=\"widget\" data-e-type=\"widget\" data-widget_type=\"text-editor.default\">\n\t\t\t\t<div class=\"elementor-widget-container\">\n\t\t\t\t\t\t\t\t\t\t\t\t\t\t\t\t\t<\/div>\n\t\t\t\t<\/div>\n\t\t\t\t\t<\/div>\n\t\t\t\t<\/div>\n\t\t<div class=\"elementor-element elementor-element-a7693f0 e-flex e-con-boxed e-con e-parent\" data-id=\"a7693f0\" data-element_type=\"container\" data-e-type=\"container\">\n\t\t\t\t\t<div class=\"e-con-inner\">\n\t\t\t\t<div class=\"elementor-element elementor-element-b1f6e04 elementor-widget elementor-widget-heading\" data-id=\"b1f6e04\" data-element_type=\"widget\" data-e-type=\"widget\" data-widget_type=\"heading.default\">\n\t\t\t\t<div class=\"elementor-widget-container\">\n\t\t\t\t\t<h2 class=\"elementor-heading-title elementor-size-default\">Formations PAO<\/h2>\t\t\t\t<\/div>\n\t\t\t\t<\/div>\n\t\t\t\t\t<\/div>\n\t\t\t\t<\/div>\n\t\t<div class=\"elementor-element elementor-element-e8b727c e-con-full e-flex e-con e-parent\" data-id=\"e8b727c\" data-element_type=\"container\" data-e-type=\"container\" data-settings=\"{&quot;background_background&quot;:&quot;classic&quot;}\">\n\t\t\t\t<\/div>\n\t\t<div class=\"elementor-element elementor-element-edb6ae0 e-flex e-con-boxed e-con e-parent\" data-id=\"edb6ae0\" data-element_type=\"container\" data-e-type=\"container\">\n\t\t\t\t\t<div class=\"e-con-inner\">\n\t\t\t\t<div class=\"elementor-element elementor-element-02737bb elementor-widget elementor-widget-spacer\" data-id=\"02737bb\" data-element_type=\"widget\" data-e-type=\"widget\" data-widget_type=\"spacer.default\">\n\t\t\t\t<div class=\"elementor-widget-container\">\n\t\t\t\t\t\t\t<div class=\"elementor-spacer\">\n\t\t\t<div class=\"elementor-spacer-inner\"><\/div>\n\t\t<\/div>\n\t\t\t\t\t\t<\/div>\n\t\t\t\t<\/div>\n\t\t\t\t<div class=\"elementor-element elementor-element-68ef53c elementor-widget elementor-widget-heading\" data-id=\"68ef53c\" data-element_type=\"widget\" data-e-type=\"widget\" data-widget_type=\"heading.default\">\n\t\t\t\t<div class=\"elementor-widget-container\">\n\t\t\t\t\t<h2 class=\"elementor-heading-title elementor-size-default\">Adobe InDesign<\/h2>\t\t\t\t<\/div>\n\t\t\t\t<\/div>\n\t\t\t\t<div class=\"elementor-element elementor-element-c10c879 elementor-widget elementor-widget-spacer\" data-id=\"c10c879\" data-element_type=\"widget\" data-e-type=\"widget\" data-widget_type=\"spacer.default\">\n\t\t\t\t<div class=\"elementor-widget-container\">\n\t\t\t\t\t\t\t<div class=\"elementor-spacer\">\n\t\t\t<div class=\"elementor-spacer-inner\"><\/div>\n\t\t<\/div>\n\t\t\t\t\t\t<\/div>\n\t\t\t\t<\/div>\n\t\t\t\t\t<\/div>\n\t\t\t\t<\/div>\n\t\t<div class=\"elementor-element elementor-element-132368d e-flex e-con-boxed e-con e-parent\" data-id=\"132368d\" data-element_type=\"container\" data-e-type=\"container\">\n\t\t\t\t\t<div class=\"e-con-inner\">\n\t\t<div class=\"elementor-element elementor-element-c1fa265 e-con-full e-flex e-con e-child\" data-id=\"c1fa265\" data-element_type=\"container\" data-e-type=\"container\">\n\t\t\t\t<div class=\"elementor-element elementor-element-8bfb574 elementor-widget elementor-widget-image\" data-id=\"8bfb574\" data-element_type=\"widget\" data-e-type=\"widget\" data-widget_type=\"image.default\">\n\t\t\t\t<div class=\"elementor-widget-container\">\n\t\t\t\t\t\t\t\t\t\t\t\t\t\t\t<img decoding=\"async\" width=\"195\" height=\"191\" src=\"https:\/\/petitateliernumerique.com\/wp-content\/uploads\/2016\/05\/indesign1.png\" class=\"attachment-large size-large wp-image-517\" alt=\"Formation InDesign\" \/>\t\t\t\t\t\t\t\t\t\t\t\t\t\t\t<\/div>\n\t\t\t\t<\/div>\n\t\t\t\t<div class=\"elementor-element elementor-element-83ec247 elementor-widget elementor-widget-heading\" data-id=\"83ec247\" data-element_type=\"widget\" data-e-type=\"widget\" data-widget_type=\"heading.default\">\n\t\t\t\t<div class=\"elementor-widget-container\">\n\t\t\t\t\t<h2 class=\"elementor-heading-title elementor-size-default\">Eligible <br>CPF<\/h2>\t\t\t\t<\/div>\n\t\t\t\t<\/div>\n\t\t\t\t<div class=\"elementor-element elementor-element-73c0fd0 elementor-widget elementor-widget-image\" data-id=\"73c0fd0\" data-element_type=\"widget\" data-e-type=\"widget\" data-widget_type=\"image.default\">\n\t\t\t\t<div class=\"elementor-widget-container\">\n\t\t\t\t\t\t\t\t\t\t\t\t\t\t\t\t<a href=\"https:\/\/www.moncompteformation.gouv.fr\/espace-prive\/html\/#\/\" target=\"_blank\">\n\t\t\t\t\t\t\t<img fetchpriority=\"high\" fetchpriority=\"high\" decoding=\"async\" width=\"1024\" height=\"603\" src=\"https:\/\/petitateliernumerique.com\/wp-content\/uploads\/2024\/03\/logo_moncompteformation_rvb-1024x603.png\" class=\"attachment-large size-large wp-image-4024\" alt=\"\" srcset=\"https:\/\/petitateliernumerique.com\/wp-content\/uploads\/2024\/03\/logo_moncompteformation_rvb-980x577.png 980w, https:\/\/petitateliernumerique.com\/wp-content\/uploads\/2024\/03\/logo_moncompteformation_rvb-480x283.png 480w\" sizes=\"(min-width: 0px) and (max-width: 480px) 480px, (min-width: 481px) and (max-width: 980px) 980px, (min-width: 981px) 1024px, 100vw\" \/>\t\t\t\t\t\t\t\t<\/a>\n\t\t\t\t\t\t\t\t\t\t\t\t\t\t\t<\/div>\n\t\t\t\t<\/div>\n\t\t\t\t<\/div>\n\t\t<div class=\"elementor-element elementor-element-1598e06 e-con-full e-flex e-con e-child\" data-id=\"1598e06\" data-element_type=\"container\" data-e-type=\"container\">\n\t\t\t\t<div class=\"elementor-element elementor-element-1c3a269 elementor-hidden-desktop elementor-hidden-tablet elementor-widget elementor-widget-spacer\" data-id=\"1c3a269\" data-element_type=\"widget\" data-e-type=\"widget\" data-widget_type=\"spacer.default\">\n\t\t\t\t<div class=\"elementor-widget-container\">\n\t\t\t\t\t\t\t<div class=\"elementor-spacer\">\n\t\t\t<div class=\"elementor-spacer-inner\"><\/div>\n\t\t<\/div>\n\t\t\t\t\t\t<\/div>\n\t\t\t\t<\/div>\n\t\t\t\t<div class=\"elementor-element elementor-element-fabd629 elementor-widget elementor-widget-text-editor\" data-id=\"fabd629\" data-element_type=\"widget\" data-e-type=\"widget\" data-widget_type=\"text-editor.default\">\n\t\t\t\t<div class=\"elementor-widget-container\">\n\t\t\t\t\t\t\t\t\t<p><strong><span style=\"color: #00b5e7;\">Objectifs<\/span><\/strong><\/p>\n<p><span style=\"color: #000000;\"> Ma\u00eetriser les principales fonctionnalit\u00e9s d\u2019InDesign \u2013 Savoir concevoir une maquette, savoir mettre en page, concevoir graphiquement des documents de communication ( brochures, affiches, flyers,etc\u2026).<\/span><\/p>\n<p><strong><span style=\"color: #00b5e7;\">Dur\u00e9e<\/span> <\/strong><\/p>\n<p><span style=\"color: #000000;\">Niveau 1, Initiation : 3 jours &#8211; Niveau 2, Perfectionnement : 2 jours. Nos formations sont adapt\u00e9es \u00e0 votre projet. La dur\u00e9e est modifiable selon votre niveau et vos objectifs. Le d\u00e9roul\u00e9 est adaptable selon vos besoins.<\/span><\/p>\n<p><strong><span style=\"color: #00b5e7;\">Prix<\/span>&nbsp;<\/strong><\/p>\n<p><span style=\"color: #000000;\">570\u20ac\/jour &#8211; Eligible CPF &#8211; Certification TOSA 120\u20ac.<\/span><\/p>\n<p><strong><span style=\"color: #00b5e7;\">Lieu<\/span>&nbsp;<\/strong><\/p>\n<p><span style=\"color: #000000;\">Dans nos locaux, sur le lieu de votre entreprise, \u00e0 distance.<\/span><\/p>\n<p><strong><span style=\"color: #00b5e7;\">Pr\u00e9-requis<\/span> <\/strong><\/p>\n<p><span style=\"color: #000000;\">Connaissance de l\u2019environnement PC ou Mac. Vous \u00eates \u00e9quip\u00e9 du logiciel que vous souhaitez apprendre : Adobe InDesign\u00ae. Vous \u00eates \u00e0 l\u2019aise dans l\u2019environnement Mac ou PC (vous avez des notions de fichiers, de sauvegarde).<\/span><\/p>\n<p><strong><span style=\"color: #00b5e7;\">Public concern\u00e9<\/span>&nbsp;<\/strong><\/p>\n<p><span style=\"color: #000000;\">Adultes.<\/span><\/p>\t\t\t\t\t\t\t\t<\/div>\n\t\t\t\t<\/div>\n\t\t\t\t<\/div>\n\t\t<div class=\"elementor-element elementor-element-968a562 e-con-full e-flex e-con e-child\" data-id=\"968a562\" data-element_type=\"container\" data-e-type=\"container\">\n\t\t\t\t<div class=\"elementor-element elementor-element-81322f7 elementor-align-justify elementor-widget elementor-widget-button\" data-id=\"81322f7\" data-element_type=\"widget\" data-e-type=\"widget\" data-widget_type=\"button.default\">\n\t\t\t\t<div class=\"elementor-widget-container\">\n\t\t\t\t\t\t\t\t\t<div class=\"elementor-button-wrapper\">\n\t\t\t\t\t<a class=\"elementor-button elementor-button-link elementor-size-sm\" href=\"https:\/\/petitateliernumerique.com\/index.php\/contact-2\/\" target=\"_blank\">\n\t\t\t\t\t\t<span class=\"elementor-button-content-wrapper\">\n\t\t\t\t\t\t\t\t\t<span class=\"elementor-button-text\">Demander un devis<\/span>\n\t\t\t\t\t<\/span>\n\t\t\t\t\t<\/a>\n\t\t\t\t<\/div>\n\t\t\t\t\t\t\t\t<\/div>\n\t\t\t\t<\/div>\n\t\t\t\t<div class=\"elementor-element elementor-element-66674ca elementor-hidden-mobile elementor-widget elementor-widget-spacer\" data-id=\"66674ca\" data-element_type=\"widget\" data-e-type=\"widget\" data-widget_type=\"spacer.default\">\n\t\t\t\t<div class=\"elementor-widget-container\">\n\t\t\t\t\t\t\t<div class=\"elementor-spacer\">\n\t\t\t<div class=\"elementor-spacer-inner\"><\/div>\n\t\t<\/div>\n\t\t\t\t\t\t<\/div>\n\t\t\t\t<\/div>\n\t\t\t\t<div class=\"elementor-element elementor-element-28f53f7 elementor-align-justify elementor-widget elementor-widget-button\" data-id=\"28f53f7\" data-element_type=\"widget\" data-e-type=\"widget\" data-widget_type=\"button.default\">\n\t\t\t\t<div class=\"elementor-widget-container\">\n\t\t\t\t\t\t\t\t\t<div class=\"elementor-button-wrapper\">\n\t\t\t\t\t<a class=\"elementor-button elementor-button-link elementor-size-sm\" href=\"https:\/\/petitateliernumerique.com\/wp-content\/uploads\/2024\/04\/Programme-INDESIGN-N1-N2.pdf\" target=\"_blank\">\n\t\t\t\t\t\t<span class=\"elementor-button-content-wrapper\">\n\t\t\t\t\t\t\t\t\t<span class=\"elementor-button-text\">Programme<\/span>\n\t\t\t\t\t<\/span>\n\t\t\t\t\t<\/a>\n\t\t\t\t<\/div>\n\t\t\t\t\t\t\t\t<\/div>\n\t\t\t\t<\/div>\n\t\t\t\t<div class=\"elementor-element elementor-element-95f742d elementor-align-justify elementor-widget elementor-widget-button\" data-id=\"95f742d\" data-element_type=\"widget\" data-e-type=\"widget\" data-widget_type=\"button.default\">\n\t\t\t\t<div class=\"elementor-widget-container\">\n\t\t\t\t\t\t\t\t\t<div class=\"elementor-button-wrapper\">\n\t\t\t\t\t<a class=\"elementor-button elementor-button-link elementor-size-sm\" href=\"https:\/\/petitateliernumerique.com\/index.php\/infos-pratiques-3adresses\/\" target=\"_blank\">\n\t\t\t\t\t\t<span class=\"elementor-button-content-wrapper\">\n\t\t\t\t\t\t\t\t\t<span class=\"elementor-button-text\">Lieux<\/span>\n\t\t\t\t\t<\/span>\n\t\t\t\t\t<\/a>\n\t\t\t\t<\/div>\n\t\t\t\t\t\t\t\t<\/div>\n\t\t\t\t<\/div>\n\t\t\t\t<\/div>\n\t\t\t\t\t<\/div>\n\t\t\t\t<\/div>\n\t\t<div class=\"elementor-element elementor-element-0e8a10e e-flex e-con-boxed e-con e-parent\" data-id=\"0e8a10e\" data-element_type=\"container\" data-e-type=\"container\">\n\t\t\t\t\t<div class=\"e-con-inner\">\n\t\t\t\t<div class=\"elementor-element elementor-element-7d7fb6d elementor-widget elementor-widget-spacer\" data-id=\"7d7fb6d\" data-element_type=\"widget\" data-e-type=\"widget\" data-widget_type=\"spacer.default\">\n\t\t\t\t<div class=\"elementor-widget-container\">\n\t\t\t\t\t\t\t<div class=\"elementor-spacer\">\n\t\t\t<div class=\"elementor-spacer-inner\"><\/div>\n\t\t<\/div>\n\t\t\t\t\t\t<\/div>\n\t\t\t\t<\/div>\n\t\t\t\t\t<\/div>\n\t\t\t\t<\/div>\n\t\t\t\t<\/div>\n\t\t","protected":false},"excerpt":{"rendered":"<p>Formations PAO Adobe InDesign Eligible CPF Objectifs Ma\u00eetriser les principales fonctionnalit\u00e9s d\u2019InDesign \u2013 Savoir concevoir une maquette, savoir mettre en page, concevoir graphiquement des documents de communication ( brochures, affiches, [&hellip;]<\/p>\n","protected":false},"author":2,"featured_media":0,"parent":0,"menu_order":0,"comment_status":"closed","ping_status":"closed","template":"elementor_header_footer","meta":{"_et_pb_use_builder":"","_et_pb_old_content":"","_et_gb_content_width":"","footnotes":""},"class_list":["post-4102","page","type-page","status-publish","hentry"],"yoast_head":"<!-- This site is optimized with the Yoast SEO plugin v27.4 - https:\/\/yoast.com\/product\/yoast-seo-wordpress\/ -->\n<title>Formation InDesign - Petit Atelier Num\u00e9rique<\/title>\n<meta name=\"description\" content=\"Apprenez InDesign et ma\u00eetrisez la mise en page, gagnez en productivit\u00e9. Initiation ou perfectionnement, votre formation sera cousue main.\" \/>\n<meta name=\"robots\" content=\"index, follow, max-snippet:-1, max-image-preview:large, max-video-preview:-1\" \/>\n<link rel=\"canonical\" href=\"https:\/\/petitateliernumerique.com\/index.php\/formation-indesign\/\" \/>\n<meta property=\"og:locale\" content=\"fr_FR\" \/>\n<meta property=\"og:type\" content=\"article\" \/>\n<meta property=\"og:title\" content=\"Formation InDesign - Petit Atelier Num\u00e9rique\" \/>\n<meta property=\"og:description\" content=\"Apprenez InDesign et ma\u00eetrisez la mise en page, gagnez en productivit\u00e9. Initiation ou perfectionnement, votre formation sera cousue main.\" \/>\n<meta property=\"og:url\" content=\"https:\/\/petitateliernumerique.com\/index.php\/formation-indesign\/\" \/>\n<meta property=\"og:site_name\" content=\"Petit Atelier Num\u00e9rique\" \/>\n<meta property=\"article:publisher\" content=\"https:\/\/www.facebook.com\/petitateliernumerique\/\" \/>\n<meta property=\"article:modified_time\" content=\"2025-10-06T14:58:13+00:00\" \/>\n<meta property=\"og:image\" content=\"https:\/\/petitateliernumerique.com\/wp-content\/uploads\/2016\/05\/indesign1.png\" \/>\n\t<meta property=\"og:image:width\" content=\"195\" \/>\n\t<meta property=\"og:image:height\" content=\"191\" \/>\n\t<meta property=\"og:image:type\" content=\"image\/png\" \/>\n<meta name=\"twitter:card\" content=\"summary_large_image\" \/>\n<meta name=\"twitter:label1\" content=\"Dur\u00e9e de lecture estim\u00e9e\" \/>\n\t<meta name=\"twitter:data1\" content=\"2 minutes\" \/>\n<!-- \/ Yoast SEO plugin. -->","yoast_head_json":{"title":"Formation InDesign - Petit Atelier Num\u00e9rique","description":"Apprenez InDesign et ma\u00eetrisez la mise en page, gagnez en productivit\u00e9. Initiation ou perfectionnement, votre formation sera cousue main.","robots":{"index":"index","follow":"follow","max-snippet":"max-snippet:-1","max-image-preview":"max-image-preview:large","max-video-preview":"max-video-preview:-1"},"canonical":"https:\/\/petitateliernumerique.com\/index.php\/formation-indesign\/","og_locale":"fr_FR","og_type":"article","og_title":"Formation InDesign - Petit Atelier Num\u00e9rique","og_description":"Apprenez InDesign et ma\u00eetrisez la mise en page, gagnez en productivit\u00e9. Initiation ou perfectionnement, votre formation sera cousue main.","og_url":"https:\/\/petitateliernumerique.com\/index.php\/formation-indesign\/","og_site_name":"Petit Atelier Num\u00e9rique","article_publisher":"https:\/\/www.facebook.com\/petitateliernumerique\/","article_modified_time":"2025-10-06T14:58:13+00:00","og_image":[{"width":195,"height":191,"url":"https:\/\/petitateliernumerique.com\/wp-content\/uploads\/2016\/05\/indesign1.png","type":"image\/png"}],"twitter_card":"summary_large_image","twitter_misc":{"Dur\u00e9e de lecture estim\u00e9e":"2 minutes"},"schema":{"@context":"https:\/\/schema.org","@graph":[{"@type":"WebPage","@id":"https:\/\/petitateliernumerique.com\/index.php\/formation-indesign\/","url":"https:\/\/petitateliernumerique.com\/index.php\/formation-indesign\/","name":"Formation InDesign - Petit Atelier Num\u00e9rique","isPartOf":{"@id":"https:\/\/petitateliernumerique.com\/#website"},"primaryImageOfPage":{"@id":"https:\/\/petitateliernumerique.com\/index.php\/formation-indesign\/#primaryimage"},"image":{"@id":"https:\/\/petitateliernumerique.com\/index.php\/formation-indesign\/#primaryimage"},"thumbnailUrl":"https:\/\/petitateliernumerique.com\/wp-content\/uploads\/2016\/05\/indesign1.png","datePublished":"2024-04-08T09:33:29+00:00","dateModified":"2025-10-06T14:58:13+00:00","description":"Apprenez InDesign et ma\u00eetrisez la mise en page, gagnez en productivit\u00e9. Initiation ou perfectionnement, votre formation sera cousue main.","breadcrumb":{"@id":"https:\/\/petitateliernumerique.com\/index.php\/formation-indesign\/#breadcrumb"},"inLanguage":"fr-FR","potentialAction":[{"@type":"ReadAction","target":["https:\/\/petitateliernumerique.com\/index.php\/formation-indesign\/"]}]},{"@type":"ImageObject","inLanguage":"fr-FR","@id":"https:\/\/petitateliernumerique.com\/index.php\/formation-indesign\/#primaryimage","url":"https:\/\/petitateliernumerique.com\/wp-content\/uploads\/2016\/05\/indesign1.png","contentUrl":"https:\/\/petitateliernumerique.com\/wp-content\/uploads\/2016\/05\/indesign1.png","width":195,"height":191,"caption":"Formation InDesign"},{"@type":"BreadcrumbList","@id":"https:\/\/petitateliernumerique.com\/index.php\/formation-indesign\/#breadcrumb","itemListElement":[{"@type":"ListItem","position":1,"name":"Accueil","item":"https:\/\/petitateliernumerique.com\/"},{"@type":"ListItem","position":2,"name":"Formation InDesign"}]},{"@type":"WebSite","@id":"https:\/\/petitateliernumerique.com\/#website","url":"https:\/\/petitateliernumerique.com\/","name":"Petit Atelier Num\u00e9rique","description":"La formation professionnelle ultra-personnalis\u00e9e","potentialAction":[{"@type":"SearchAction","target":{"@type":"EntryPoint","urlTemplate":"https:\/\/petitateliernumerique.com\/?s={search_term_string}"},"query-input":{"@type":"PropertyValueSpecification","valueRequired":true,"valueName":"search_term_string"}}],"inLanguage":"fr-FR"}]}},"_links":{"self":[{"href":"https:\/\/petitateliernumerique.com\/index.php\/wp-json\/wp\/v2\/pages\/4102","targetHints":{"allow":["GET"]}}],"collection":[{"href":"https:\/\/petitateliernumerique.com\/index.php\/wp-json\/wp\/v2\/pages"}],"about":[{"href":"https:\/\/petitateliernumerique.com\/index.php\/wp-json\/wp\/v2\/types\/page"}],"author":[{"embeddable":true,"href":"https:\/\/petitateliernumerique.com\/index.php\/wp-json\/wp\/v2\/users\/2"}],"replies":[{"embeddable":true,"href":"https:\/\/petitateliernumerique.com\/index.php\/wp-json\/wp\/v2\/comments?post=4102"}],"version-history":[{"count":48,"href":"https:\/\/petitateliernumerique.com\/index.php\/wp-json\/wp\/v2\/pages\/4102\/revisions"}],"predecessor-version":[{"id":4580,"href":"https:\/\/petitateliernumerique.com\/index.php\/wp-json\/wp\/v2\/pages\/4102\/revisions\/4580"}],"wp:attachment":[{"href":"https:\/\/petitateliernumerique.com\/index.php\/wp-json\/wp\/v2\/media?parent=4102"}],"curies":[{"name":"wp","href":"https:\/\/api.w.org\/{rel}","templated":true}]}}