{"id":3091,"date":"2020-10-13T08:53:26","date_gmt":"2020-10-13T07:53:26","guid":{"rendered":"https:\/\/petitateliernumerique.com\/?page_id=3091"},"modified":"2025-10-07T11:59:34","modified_gmt":"2025-10-07T09:59:34","slug":"formation-graphisme-lyon-trouvez-une-formation-de-graphisme-a-lyon","status":"publish","type":"page","link":"https:\/\/petitateliernumerique.com\/index.php\/formation-graphisme-lyon-trouvez-une-formation-de-graphisme-a-lyon\/","title":{"rendered":"Formation graphisme Lyon, trouvez une formation de graphisme \u00e0 Lyon."},"content":{"rendered":"<p>[et_pb_section fb_built=\u00a0\u00bb1&Prime; _builder_version=\u00a0\u00bb4.16&Prime; global_colors_info=\u00a0\u00bb{}\u00a0\u00bb][et_pb_row _builder_version=\u00a0\u00bb4.16&Prime; global_colors_info=\u00a0\u00bb{}\u00a0\u00bb][et_pb_column type=\u00a0\u00bb4_4&Prime; _builder_version=\u00a0\u00bb4.16&Prime; custom_padding=\u00a0\u00bb|||\u00a0\u00bb global_colors_info=\u00a0\u00bb{}\u00a0\u00bb custom_padding__hover=\u00a0\u00bb|||\u00a0\u00bb][et_pb_text _builder_version=\u00a0\u00bb4.22.2&Prime; global_colors_info=\u00a0\u00bb{}\u00a0\u00bb]<\/p>\n<h1>Formation graphisme \u00e0 Lyon.<\/h1>\n<h1>Trouvez une formation au graphisme<\/h1>\n<h1>sur-mesure.<\/h1>\n<p>[\/et_pb_text][\/et_pb_column][\/et_pb_row][\/et_pb_section][et_pb_section fb_built=\u00a0\u00bb1&Prime; custom_padding_last_edited=\u00a0\u00bbon|desktop\u00a0\u00bb _builder_version=\u00a0\u00bb4.16&Prime; background_color=\u00a0\u00bb#ffffff\u00a0\u00bb background_image=\u00a0\u00bbhttps:\/\/petitateliernumerique.com\/wp-content\/uploads\/2016\/05\/FormationPAO-Header-entier-new.jpg\u00a0\u00bb parallax=\u00a0\u00bbon\u00a0\u00bb parallax_method=\u00a0\u00bboff\u00a0\u00bb custom_padding_tablet=\u00a0\u00bb50px|0|50px|0&Prime; custom_padding_phone=\u00a0\u00bb\u00a0\u00bb transparent_background=\u00a0\u00bboff\u00a0\u00bb padding_mobile=\u00a0\u00bboff\u00a0\u00bb global_colors_info=\u00a0\u00bb{}\u00a0\u00bb][et_pb_row _builder_version=\u00a0\u00bb4.16&Prime; background_size=\u00a0\u00bbinitial\u00a0\u00bb background_position=\u00a0\u00bbtop_left\u00a0\u00bb background_repeat=\u00a0\u00bbrepeat\u00a0\u00bb global_colors_info=\u00a0\u00bb{}\u00a0\u00bb][et_pb_column type=\u00a0\u00bb4_4&Prime; _builder_version=\u00a0\u00bb4.16&Prime; custom_padding=\u00a0\u00bb|||\u00a0\u00bb global_colors_info=\u00a0\u00bb{}\u00a0\u00bb custom_padding__hover=\u00a0\u00bb|||\u00a0\u00bb][et_pb_divider show_divider=\u00a0\u00bboff\u00a0\u00bb disabled_on=\u00a0\u00bbon|on|off\u00a0\u00bb _builder_version=\u00a0\u00bb4.16&Prime; parallax=\u00a0\u00bbon\u00a0\u00bb height=\u00a0\u00bb500px\u00a0\u00bb hide_on_mobile=\u00a0\u00bbon\u00a0\u00bb global_colors_info=\u00a0\u00bb{}\u00a0\u00bb][\/et_pb_divider][\/et_pb_column][\/et_pb_row][\/et_pb_section][et_pb_section fb_built=\u00a0\u00bb1&Prime; _builder_version=\u00a0\u00bb4.16&Prime; global_colors_info=\u00a0\u00bb{}\u00a0\u00bb][et_pb_row _builder_version=\u00a0\u00bb4.16&Prime; global_colors_info=\u00a0\u00bb{}\u00a0\u00bb][et_pb_column type=\u00a0\u00bb4_4&Prime; _builder_version=\u00a0\u00bb4.16&Prime; custom_padding=\u00a0\u00bb|||\u00a0\u00bb global_colors_info=\u00a0\u00bb{}\u00a0\u00bb custom_padding__hover=\u00a0\u00bb|||\u00a0\u00bb][et_pb_text _builder_version=\u00a0\u00bb4.22.2&Prime; global_colors_info=\u00a0\u00bb{}\u00a0\u00bb custom_padding=\u00a0\u00bb||0px|||\u00a0\u00bb]<\/p>\n<h3>Vous cherchez \u00e0 vous former au graphisme ?<\/h3>\n<h3>Cr\u00e9ation de supports de communication, cr\u00e9ation de logo\u2026 Photoshop, InDesign, Illustrator, d\u00e9couvrez ma formation Adobe \u00e0 Lyon !<\/h3>\n<h2><span style=\"font-size: xx-large;\">Une formation au <\/span><span style=\"font-size: xx-large;\">graphisme <\/span><span style=\"font-size: xx-large;\">sur-mesure<\/span><\/h2>\n<p>Parce que vous n\u2019avez pas tous le m\u00eame niveau sur la suite Adobe, je vous propose une<a href=\"https:\/\/petitateliernumerique.com\/\"> formation graphisme<\/a>\u00a0sur-mesure, en cours particulier.<\/p>\n<p>Sur une dur\u00e9e de moins d&rsquo;1 mois, ma formation est adapt\u00e9e \u00e0 votre projet et vos objectifs. De l\u2019apprentissage des bases en passant par la remise \u00e0 niveau jusqu\u2019\u00e0 l\u2019apprentissage de techniques plus avanc\u00e9es, vous trouverez forc\u00e9ment la formule adapt\u00e9e \u00e0 vos besoins.<\/p>\n<p>Bien \u00e9videmment, je saurai m\u2019adapter aux besoins sp\u00e9cifiques de chacun et vous aider sur vos \u00e9tudes de cas. Ma formation graphisme \u00e0 Lyon n\u2019est pas fig\u00e9e et la dur\u00e9e est modifiable selon votre niveau et vos objectifs.<\/p>\n<h2><span style=\"font-size: xx-large;\">Le contenu de votre formation\u00a0\u00a0<\/span><\/h2>\n<p>La formation couvre les aspects essentiels des logiciels de la suite Adobe afin que vous puissiez ensuite les ma\u00eetriser et \u00eatre autonome dans votre communication, quelque soit votre m\u00e9tier, ou pour une utilisation personnelle.<\/p>\n<p>\u00b7 Pr\u00e9parer une image pour le Web ou pour l\u2019impression sur Photoshop<br \/>\u00b7 Concevoir une maquette sur InDesign<br \/>\u00b7 Cr\u00e9er des supports de communication : brochure, affiche, flyer\u2026<br \/>\u00b7 Cr\u00e9er des logos sur Illustrator<\/p>\n<p>[\/et_pb_text][\/et_pb_column][\/et_pb_row][et_pb_row _builder_version=\u00a0\u00bb4.16&Prime; global_colors_info=\u00a0\u00bb{}\u00a0\u00bb][et_pb_column type=\u00a0\u00bb4_4&Prime; _builder_version=\u00a0\u00bb4.16&Prime; custom_padding=\u00a0\u00bb|||\u00a0\u00bb global_colors_info=\u00a0\u00bb{}\u00a0\u00bb custom_padding__hover=\u00a0\u00bb|||\u00a0\u00bb][et_pb_cta button_url=\u00a0\u00bbhttps:\/\/petitateliernumerique.com\/index.php\/page-daccueil\/contact\/\u00a0\u00bb button_text=\u00a0\u00bbEn savoir plus\u00a0\u00bb _builder_version=\u00a0\u00bb4.22.2&Prime; use_background_color=\u00a0\u00bboff\u00a0\u00bb background_layout=\u00a0\u00bblight\u00a0\u00bb use_border_color=\u00a0\u00bboff\u00a0\u00bb border_color=\u00a0\u00bb#ffffff\u00a0\u00bb border_width=\u00a0\u00bb1px\u00a0\u00bb border_style=\u00a0\u00bbsolid\u00a0\u00bb button_letter_spacing_hover=\u00a0\u00bb0&Prime; saved_tabs=\u00a0\u00bball\u00a0\u00bb global_colors_info=\u00a0\u00bb{}\u00a0\u00bb button_text_size__hover_enabled=\u00a0\u00bboff\u00a0\u00bb button_one_text_size__hover_enabled=\u00a0\u00bboff\u00a0\u00bb button_two_text_size__hover_enabled=\u00a0\u00bboff\u00a0\u00bb button_text_color__hover_enabled=\u00a0\u00bboff\u00a0\u00bb button_one_text_color__hover_enabled=\u00a0\u00bboff\u00a0\u00bb button_two_text_color__hover_enabled=\u00a0\u00bboff\u00a0\u00bb button_border_width__hover_enabled=\u00a0\u00bboff\u00a0\u00bb button_one_border_width__hover_enabled=\u00a0\u00bboff\u00a0\u00bb button_two_border_width__hover_enabled=\u00a0\u00bboff\u00a0\u00bb button_border_color__hover_enabled=\u00a0\u00bboff\u00a0\u00bb button_one_border_color__hover_enabled=\u00a0\u00bboff\u00a0\u00bb button_two_border_color__hover_enabled=\u00a0\u00bboff\u00a0\u00bb button_border_radius__hover_enabled=\u00a0\u00bboff\u00a0\u00bb button_one_border_radius__hover_enabled=\u00a0\u00bboff\u00a0\u00bb button_two_border_radius__hover_enabled=\u00a0\u00bboff\u00a0\u00bb button_letter_spacing__hover_enabled=\u00a0\u00bbon\u00a0\u00bb button_letter_spacing__hover=\u00a0\u00bb0&Prime; button_one_letter_spacing__hover_enabled=\u00a0\u00bboff\u00a0\u00bb button_two_letter_spacing__hover_enabled=\u00a0\u00bboff\u00a0\u00bb button_bg_color__hover_enabled=\u00a0\u00bboff\u00a0\u00bb button_one_bg_color__hover_enabled=\u00a0\u00bboff\u00a0\u00bb button_two_bg_color__hover_enabled=\u00a0\u00bboff\u00a0\u00bb][\/et_pb_cta][et_pb_text _builder_version=\u00a0\u00bb4.22.2&Prime; hover_enabled=\u00a0\u00bb0&Prime; global_colors_info=\u00a0\u00bb{}\u00a0\u00bb sticky_enabled=\u00a0\u00bb0&Prime;]<\/p>\n<p>&nbsp;<\/p>\n<h3>Et pour aller plus loin, le module <a href=\"https:\/\/petitateliernumerique.com\/index.php\/formation-graphisme-conception-graphique\/\" title=\"conception-graphique\">Conception Graphique<\/a> vous d\u00e9voile les fondamentaux du design graphique.<\/h3>\n<p>\u2022 Le signe<br \/>\u2022 La couleur<br \/>\u2022 La typographie<br \/>\u2022 Les lois de la composition<\/p>\n<p>Ma formation sur-mesure s\u2019adaptera \u00e0 vos besoins et vos objectifs. Parlons-en ensemble ! N\u2019h\u00e9sitez pas \u00e0 me contacter directement par t\u00e9l\u00e9phone au 06 73 65 43 38 ou par mail via contact@petitateliernumerique.com.<\/p>\n<p>[\/et_pb_text][\/et_pb_column][\/et_pb_row][et_pb_row _builder_version=\u00a0\u00bb4.16&Prime; global_colors_info=\u00a0\u00bb{}\u00a0\u00bb][et_pb_column type=\u00a0\u00bb4_4&Prime; _builder_version=\u00a0\u00bb4.16&Prime; custom_padding=\u00a0\u00bb|||\u00a0\u00bb global_colors_info=\u00a0\u00bb{}\u00a0\u00bb custom_padding__hover=\u00a0\u00bb|||\u00a0\u00bb][et_pb_cta button_url=\u00a0\u00bbhttps:\/\/petitateliernumerique.com\/index.php\/page-daccueil\/contact\/\u00a0\u00bb button_text=\u00a0\u00bbUn projet ?\u00a0\u00bb _builder_version=\u00a0\u00bb4.16&Prime; use_background_color=\u00a0\u00bboff\u00a0\u00bb background_layout=\u00a0\u00bblight\u00a0\u00bb use_border_color=\u00a0\u00bboff\u00a0\u00bb border_color=\u00a0\u00bb#ffffff\u00a0\u00bb border_width=\u00a0\u00bb1px\u00a0\u00bb border_style=\u00a0\u00bbsolid\u00a0\u00bb button_letter_spacing_hover=\u00a0\u00bb0&Prime; saved_tabs=\u00a0\u00bball\u00a0\u00bb global_colors_info=\u00a0\u00bb{}\u00a0\u00bb button_text_size__hover_enabled=\u00a0\u00bboff\u00a0\u00bb button_one_text_size__hover_enabled=\u00a0\u00bboff\u00a0\u00bb button_two_text_size__hover_enabled=\u00a0\u00bboff\u00a0\u00bb button_text_color__hover_enabled=\u00a0\u00bboff\u00a0\u00bb button_one_text_color__hover_enabled=\u00a0\u00bboff\u00a0\u00bb button_two_text_color__hover_enabled=\u00a0\u00bboff\u00a0\u00bb button_border_width__hover_enabled=\u00a0\u00bboff\u00a0\u00bb button_one_border_width__hover_enabled=\u00a0\u00bboff\u00a0\u00bb button_two_border_width__hover_enabled=\u00a0\u00bboff\u00a0\u00bb button_border_color__hover_enabled=\u00a0\u00bboff\u00a0\u00bb button_one_border_color__hover_enabled=\u00a0\u00bboff\u00a0\u00bb button_two_border_color__hover_enabled=\u00a0\u00bboff\u00a0\u00bb button_border_radius__hover_enabled=\u00a0\u00bboff\u00a0\u00bb button_one_border_radius__hover_enabled=\u00a0\u00bboff\u00a0\u00bb button_two_border_radius__hover_enabled=\u00a0\u00bboff\u00a0\u00bb button_letter_spacing__hover_enabled=\u00a0\u00bbon\u00a0\u00bb button_letter_spacing__hover=\u00a0\u00bb0&Prime; button_one_letter_spacing__hover_enabled=\u00a0\u00bboff\u00a0\u00bb button_two_letter_spacing__hover_enabled=\u00a0\u00bboff\u00a0\u00bb button_bg_color__hover_enabled=\u00a0\u00bboff\u00a0\u00bb button_one_bg_color__hover_enabled=\u00a0\u00bboff\u00a0\u00bb button_two_bg_color__hover_enabled=\u00a0\u00bboff\u00a0\u00bb][\/et_pb_cta][\/et_pb_column][\/et_pb_row][\/et_pb_section]<\/p>\n","protected":false},"excerpt":{"rendered":"<p>Formation graphisme \u00e0 Lyon. Trouvez une formation au graphisme sur-mesure.Vous cherchez \u00e0 vous former au graphisme ? Cr\u00e9ation de supports de communication, cr\u00e9ation de logo\u2026 Photoshop, InDesign, Illustrator, d\u00e9couvrez ma [&hellip;]<\/p>\n","protected":false},"author":2,"featured_media":0,"parent":0,"menu_order":0,"comment_status":"closed","ping_status":"closed","template":"","meta":{"_et_pb_use_builder":"on","_et_pb_old_content":"","_et_gb_content_width":"","footnotes":""},"class_list":["post-3091","page","type-page","status-publish","hentry"],"yoast_head":"<!-- This site is optimized with the Yoast SEO plugin v27.4 - https:\/\/yoast.com\/product\/yoast-seo-wordpress\/ -->\n<title>Formation graphisme Lyon - Petit Atelier Num\u00e9rique<\/title>\n<meta name=\"description\" content=\"Vous cherchez une formation graphisme \u00e0 Lyon ? Au Petit Atelier Num\u00e9rique, formez- vous en 1 mois sur Adobe Photoshop, Indesign, Illustrator.\" \/>\n<meta name=\"robots\" content=\"index, follow, max-snippet:-1, max-image-preview:large, max-video-preview:-1\" \/>\n<link rel=\"canonical\" href=\"https:\/\/petitateliernumerique.com\/index.php\/formation-graphisme-lyon-trouvez-une-formation-de-graphisme-a-lyon\/\" \/>\n<meta property=\"og:locale\" content=\"fr_FR\" \/>\n<meta property=\"og:type\" content=\"article\" \/>\n<meta property=\"og:title\" content=\"Formation graphisme Lyon - Petit Atelier Num\u00e9rique\" \/>\n<meta property=\"og:description\" content=\"Vous cherchez une formation graphisme \u00e0 Lyon ? Au Petit Atelier Num\u00e9rique, formez- vous en 1 mois sur Adobe Photoshop, Indesign, Illustrator.\" \/>\n<meta property=\"og:url\" content=\"https:\/\/petitateliernumerique.com\/index.php\/formation-graphisme-lyon-trouvez-une-formation-de-graphisme-a-lyon\/\" \/>\n<meta property=\"og:site_name\" content=\"Petit Atelier Num\u00e9rique\" \/>\n<meta property=\"article:publisher\" content=\"https:\/\/www.facebook.com\/petitateliernumerique\/\" \/>\n<meta property=\"article:modified_time\" content=\"2025-10-07T09:59:34+00:00\" \/>\n<meta name=\"twitter:card\" content=\"summary_large_image\" \/>\n<meta name=\"twitter:label1\" content=\"Dur\u00e9e de lecture estim\u00e9e\" \/>\n\t<meta name=\"twitter:data1\" content=\"2 minutes\" \/>\n<!-- \/ Yoast SEO plugin. -->","yoast_head_json":{"title":"Formation graphisme Lyon - Petit Atelier Num\u00e9rique","description":"Vous cherchez une formation graphisme \u00e0 Lyon ? Au Petit Atelier Num\u00e9rique, formez- vous en 1 mois sur Adobe Photoshop, Indesign, Illustrator.","robots":{"index":"index","follow":"follow","max-snippet":"max-snippet:-1","max-image-preview":"max-image-preview:large","max-video-preview":"max-video-preview:-1"},"canonical":"https:\/\/petitateliernumerique.com\/index.php\/formation-graphisme-lyon-trouvez-une-formation-de-graphisme-a-lyon\/","og_locale":"fr_FR","og_type":"article","og_title":"Formation graphisme Lyon - Petit Atelier Num\u00e9rique","og_description":"Vous cherchez une formation graphisme \u00e0 Lyon ? Au Petit Atelier Num\u00e9rique, formez- vous en 1 mois sur Adobe Photoshop, Indesign, Illustrator.","og_url":"https:\/\/petitateliernumerique.com\/index.php\/formation-graphisme-lyon-trouvez-une-formation-de-graphisme-a-lyon\/","og_site_name":"Petit Atelier Num\u00e9rique","article_publisher":"https:\/\/www.facebook.com\/petitateliernumerique\/","article_modified_time":"2025-10-07T09:59:34+00:00","twitter_card":"summary_large_image","twitter_misc":{"Dur\u00e9e de lecture estim\u00e9e":"2 minutes"},"schema":{"@context":"https:\/\/schema.org","@graph":[{"@type":"WebPage","@id":"https:\/\/petitateliernumerique.com\/index.php\/formation-graphisme-lyon-trouvez-une-formation-de-graphisme-a-lyon\/","url":"https:\/\/petitateliernumerique.com\/index.php\/formation-graphisme-lyon-trouvez-une-formation-de-graphisme-a-lyon\/","name":"Formation graphisme Lyon - Petit Atelier Num\u00e9rique","isPartOf":{"@id":"https:\/\/petitateliernumerique.com\/#website"},"datePublished":"2020-10-13T07:53:26+00:00","dateModified":"2025-10-07T09:59:34+00:00","description":"Vous cherchez une formation graphisme \u00e0 Lyon ? Au Petit Atelier Num\u00e9rique, formez- vous en 1 mois sur Adobe Photoshop, Indesign, Illustrator.","breadcrumb":{"@id":"https:\/\/petitateliernumerique.com\/index.php\/formation-graphisme-lyon-trouvez-une-formation-de-graphisme-a-lyon\/#breadcrumb"},"inLanguage":"fr-FR","potentialAction":[{"@type":"ReadAction","target":["https:\/\/petitateliernumerique.com\/index.php\/formation-graphisme-lyon-trouvez-une-formation-de-graphisme-a-lyon\/"]}]},{"@type":"BreadcrumbList","@id":"https:\/\/petitateliernumerique.com\/index.php\/formation-graphisme-lyon-trouvez-une-formation-de-graphisme-a-lyon\/#breadcrumb","itemListElement":[{"@type":"ListItem","position":1,"name":"Accueil","item":"https:\/\/petitateliernumerique.com\/"},{"@type":"ListItem","position":2,"name":"Formation graphisme Lyon, trouvez une formation de graphisme \u00e0 Lyon."}]},{"@type":"WebSite","@id":"https:\/\/petitateliernumerique.com\/#website","url":"https:\/\/petitateliernumerique.com\/","name":"Petit Atelier Num\u00e9rique","description":"La formation professionnelle ultra-personnalis\u00e9e","potentialAction":[{"@type":"SearchAction","target":{"@type":"EntryPoint","urlTemplate":"https:\/\/petitateliernumerique.com\/?s={search_term_string}"},"query-input":{"@type":"PropertyValueSpecification","valueRequired":true,"valueName":"search_term_string"}}],"inLanguage":"fr-FR"}]}},"_links":{"self":[{"href":"https:\/\/petitateliernumerique.com\/index.php\/wp-json\/wp\/v2\/pages\/3091","targetHints":{"allow":["GET"]}}],"collection":[{"href":"https:\/\/petitateliernumerique.com\/index.php\/wp-json\/wp\/v2\/pages"}],"about":[{"href":"https:\/\/petitateliernumerique.com\/index.php\/wp-json\/wp\/v2\/types\/page"}],"author":[{"embeddable":true,"href":"https:\/\/petitateliernumerique.com\/index.php\/wp-json\/wp\/v2\/users\/2"}],"replies":[{"embeddable":true,"href":"https:\/\/petitateliernumerique.com\/index.php\/wp-json\/wp\/v2\/comments?post=3091"}],"version-history":[{"count":16,"href":"https:\/\/petitateliernumerique.com\/index.php\/wp-json\/wp\/v2\/pages\/3091\/revisions"}],"predecessor-version":[{"id":4603,"href":"https:\/\/petitateliernumerique.com\/index.php\/wp-json\/wp\/v2\/pages\/3091\/revisions\/4603"}],"wp:attachment":[{"href":"https:\/\/petitateliernumerique.com\/index.php\/wp-json\/wp\/v2\/media?parent=3091"}],"curies":[{"name":"wp","href":"https:\/\/api.w.org\/{rel}","templated":true}]}}